{"id":420,"date":"2025-08-04T03:35:22","date_gmt":"2025-08-04T03:35:22","guid":{"rendered":"http:\/\/rpi-webserver.local:8080\/sites\/ciudadjatay\/?page_id=420"},"modified":"2025-09-08T01:29:43","modified_gmt":"2025-09-08T01:29:43","slug":"proyecto","status":"publish","type":"page","link":"http:\/\/www.ciudadjatay.com\/index.php\/proyecto\/","title":{"rendered":"Proyecto"},"content":{"rendered":"\n<div class=\"wp-block-cover alignfull\"><img loading=\"lazy\" decoding=\"async\" width=\"1024\" height=\"662\" class=\"wp-block-cover__image-background wp-image-586 size-large\" alt=\"\" src=\"http:\/\/www.ciudadjatay.com\/wp\/wp-content\/uploads\/2025\/09\/renderjatay1-1hd-1024x662.png\" data-object-fit=\"cover\" srcset=\"http:\/\/www.ciudadjatay.com\/wp\/wp-content\/uploads\/2025\/09\/renderjatay1-1hd-1024x662.png 1024w, http:\/\/www.ciudadjatay.com\/wp\/wp-content\/uploads\/2025\/09\/renderjatay1-1hd-300x194.png 300w, http:\/\/www.ciudadjatay.com\/wp\/wp-content\/uploads\/2025\/09\/renderjatay1-1hd-768x497.png 768w, http:\/\/www.ciudadjatay.com\/wp\/wp-content\/uploads\/2025\/09\/renderjatay1-1hd-1536x994.png 1536w, http:\/\/www.ciudadjatay.com\/wp\/wp-content\/uploads\/2025\/09\/renderjatay1-1hd.png 1980w\" sizes=\"auto, (max-width: 1024px) 100vw, 1024px\" \/><span aria-hidden=\"true\" class=\"wp-block-cover__background has-accent-2-background-color has-background-dim-40 has-background-dim\"><\/span><div class=\"wp-block-cover__inner-container has-global-padding is-layout-constrained wp-block-cover-is-layout-constrained\">\n<h5 class=\"wp-block-heading has-text-align-center has-archivo-font-family has-xx-large-font-size\" style=\"font-style:normal;font-weight:600\">Sobre el Proyecto<\/h5>\n<\/div><\/div>\n\n\n\n<div class=\"wp-block-group alignfull has-custom-color-2-background-color has-background has-global-padding is-layout-constrained wp-block-group-is-layout-constrained\" style=\"margin-top:0px;margin-bottom:0px\">\n<div style=\"height:100px\" aria-hidden=\"true\" class=\"wp-block-spacer\"><\/div>\n\n\n\n<div class=\"wp-block-columns alignwide is-layout-flex wp-container-core-columns-is-layout-1a2ddb66 wp-block-columns-is-layout-flex\" style=\"padding-right:var(--wp--preset--spacing--30);padding-left:var(--wp--preset--spacing--30)\">\n<div class=\"wp-block-column is-layout-flow wp-container-core-column-is-layout-3f33f324 wp-block-column-is-layout-flow\" style=\"padding-right:var(--wp--preset--spacing--30);padding-left:var(--wp--preset--spacing--30)\">\n<h2 class=\"wp-block-heading has-text-align-right has-base-2-color has-text-color has-link-color has-archivo-font-family wp-elements-901066dbff3d37fbe6129ed5282b9c1f\" style=\"font-size:clamp(2.629rem, 2.629rem + ((1vw - 0.2rem) * 3.952), 5rem);font-style:normal;font-weight:600\">Jatay<\/h2>\n\n\n\n<p class=\"has-text-align-right has-base-2-color has-text-color has-link-color has-small-font-size wp-elements-08c22b94f36f056f25e4eb091eb1bb33\"> una ciudad para la industria del futuro<\/p>\n\n\n\n<div style=\"height:50px\" aria-hidden=\"true\" class=\"wp-block-spacer\"><\/div>\n\n\n\n<p class=\"has-text-align-right has-base-2-color has-text-color has-link-color wp-elements-c0db8f397fd81e1d1bd68e92c7e7718d\"><strong>Descargar:<\/strong><\/p>\n\n\n\n<div class=\"wp-block-buttons is-content-justification-right is-layout-flex wp-container-core-buttons-is-layout-d445cf74 wp-block-buttons-is-layout-flex\">\n<div class=\"wp-block-button is-style-fill\"><a class=\"wp-block-button__link wp-element-button\" href=\"http:\/\/www.ciudadjatay.com\/wp\/wp-content\/uploads\/2025\/08\/CIUDAD-JATAY-9.280525.pdf\" target=\"_blank\" rel=\"noreferrer noopener\">Introducci\u00f3n Proyecto Jatay<\/a><\/div>\n<\/div>\n\n\n\n<div style=\"height:100px\" aria-hidden=\"true\" class=\"wp-block-spacer\"><\/div>\n<\/div>\n\n\n\n<div class=\"wp-block-column is-vertically-aligned-top is-layout-flow wp-block-column-is-layout-flow\" style=\"padding-right:var(--wp--preset--spacing--20);padding-left:var(--wp--preset--spacing--20)\">\n<p class=\"has-base-2-color has-text-color has-link-color wp-elements-17c9bfe785c659c75ec25da7241b187a\">Jatay Ciudad Tecnol\u00f3gica Industrial es un desarrollo integral ubicado en Ensenada, Baja California, dise\u00f1ado para ser un hub de innovaci\u00f3n, manufactura avanzada y desarrollo tecnol\u00f3gico. Con una visi\u00f3n inspirada en modelos internacionales exitosos de Estados Unidos, Jap\u00f3n y Europa, Jatay fusiona ciencia, dise\u00f1o, talento y sostenibilidad en un entorno empresarial de clase mundial.<\/p>\n<\/div>\n\n\n\n<div class=\"wp-block-column is-layout-flow wp-block-column-is-layout-flow\" style=\"padding-right:var(--wp--preset--spacing--20);padding-left:var(--wp--preset--spacing--20)\">\n<p class=\"has-base-2-color has-text-color has-link-color wp-elements-a9d67d7b37ef485e4a18b6eef1a21e8b\">Este parque industrial y tecnol\u00f3gico nace con la misi\u00f3n de fortalecer las capacidades log\u00edsticas, productivas y cient\u00edficas del noroeste de M\u00e9xico, impulsando el crecimiento econ\u00f3mico regional a trav\u00e9s de la colaboraci\u00f3n entre empresas, instituciones educativas y centros de investigaci\u00f3n.<\/p>\n<\/div>\n<\/div>\n\n\n\n<div style=\"height:100px\" aria-hidden=\"true\" class=\"wp-block-spacer\"><\/div>\n<\/div>\n\n\n\n<div class=\"wp-block-cover alignfull\" style=\"margin-top:0px;margin-bottom:0px;padding-top:0px;padding-right:0px;padding-bottom:0px;padding-left:0px\"><img loading=\"lazy\" decoding=\"async\" width=\"1024\" height=\"662\" class=\"wp-block-cover__image-background wp-image-588 size-large\" alt=\"\" src=\"http:\/\/www.ciudadjatay.com\/wp\/wp-content\/uploads\/2025\/09\/renderjatay1-3hd-1024x662.png\" data-object-fit=\"cover\" srcset=\"http:\/\/www.ciudadjatay.com\/wp\/wp-content\/uploads\/2025\/09\/renderjatay1-3hd-1024x662.png 1024w, http:\/\/www.ciudadjatay.com\/wp\/wp-content\/uploads\/2025\/09\/renderjatay1-3hd-300x194.png 300w, http:\/\/www.ciudadjatay.com\/wp\/wp-content\/uploads\/2025\/09\/renderjatay1-3hd-768x497.png 768w, http:\/\/www.ciudadjatay.com\/wp\/wp-content\/uploads\/2025\/09\/renderjatay1-3hd-1536x994.png 1536w, http:\/\/www.ciudadjatay.com\/wp\/wp-content\/uploads\/2025\/09\/renderjatay1-3hd.png 1980w\" sizes=\"auto, (max-width: 1024px) 100vw, 1024px\" \/><span aria-hidden=\"true\" class=\"wp-block-cover__background has-background-dim-0 has-background-dim\" style=\"background-color:#565445\"><\/span><div class=\"wp-block-cover__inner-container is-layout-flow wp-block-cover-is-layout-flow\">\n<p class=\"has-text-align-center has-large-font-size\"><\/p>\n<\/div><\/div>\n\n\n\n<div class=\"wp-block-group alignwide is-layout-flow wp-block-group-is-layout-flow\" style=\"padding-right:var(--wp--preset--spacing--30);padding-left:var(--wp--preset--spacing--30)\">\n<div style=\"height:100px\" aria-hidden=\"true\" class=\"wp-block-spacer\"><\/div>\n\n\n\n<h2 class=\"wp-block-heading alignwide has-archivo-font-family has-x-large-font-size\" style=\"font-style:normal;font-weight:600\">Oportunidades de Inversi\u00f3n<\/h2>\n\n\n\n<p>Invierte en el ecosistema m\u00e1s din\u00e1mico del noroeste de M\u00e9xico<\/p>\n\n\n\n<div style=\"height:50px\" aria-hidden=\"true\" class=\"wp-block-spacer\"><\/div>\n\n\n\n<div class=\"wp-block-group is-layout-flow wp-block-group-is-layout-flow\" style=\"padding-right:var(--wp--preset--spacing--30);padding-left:var(--wp--preset--spacing--30)\">\n<p><strong>Jatay<\/strong> abre un abanico de oportunidades para inversionistas nacionales e internacionales que buscan capitalizar las ventajas estrat\u00e9gicas de Baja California:<\/p>\n\n\n\n<div style=\"height:30px\" aria-hidden=\"true\" class=\"wp-block-spacer\"><\/div>\n\n\n\n<div class=\"wp-block-group alignwide is-layout-grid wp-container-core-group-is-layout-478b6e6b wp-block-group-is-layout-grid\">\n<div class=\"wp-block-group has-global-padding is-layout-constrained wp-block-group-is-layout-constrained\">\n<div class=\"wp-block-group is-vertical is-layout-flex wp-container-core-group-is-layout-2d729e81 wp-block-group-is-layout-flex\">\n<h2 class=\"wp-block-heading has-medium-font-size\"><strong>Desarrollo Industrial y Log\u00edstico:<\/strong><\/h2>\n\n\n\n<p>Parques industriales, patios log\u00edsticos, almacenes fiscales estrat\u00e9gicos, transporte y distribuci\u00f3n.<\/p>\n<\/div>\n<\/div>\n\n\n\n<div class=\"wp-block-group has-global-padding is-layout-constrained wp-block-group-is-layout-constrained\">\n<div class=\"wp-block-group is-vertical is-layout-flex wp-container-core-group-is-layout-fe9cc265 wp-block-group-is-layout-flex\">\n<h2 class=\"wp-block-heading has-medium-font-size\"><strong>Inmobiliario Comercial y Residencial:<\/strong><\/h2>\n\n\n\n<p>Zonas comerciales, vivienda ejecutiva y espacios de hospitalidad integrados al entorno urbano del parque.<\/p>\n<\/div>\n<\/div>\n\n\n\n<div class=\"wp-block-group has-global-padding is-layout-constrained wp-block-group-is-layout-constrained\">\n<div class=\"wp-block-group is-vertical is-layout-flex wp-container-core-group-is-layout-fe9cc265 wp-block-group-is-layout-flex\">\n<h2 class=\"wp-block-heading has-medium-font-size\"><strong>Tecnolog\u00eda y Manufactura Avanzada:<\/strong><\/h2>\n\n\n\n<p class=\"has-medium-font-size\">Empresas en sectores como semiconductores, aeroespacial, ciencias de la vida, automatizaci\u00f3n, biotecnolog\u00eda y movilidad.<\/p>\n<\/div>\n<\/div>\n\n\n\n<div class=\"wp-block-group has-global-padding is-layout-constrained wp-block-group-is-layout-constrained\">\n<div class=\"wp-block-group is-vertical is-layout-flex wp-container-core-group-is-layout-fe9cc265 wp-block-group-is-layout-flex\">\n<h2 class=\"wp-block-heading has-medium-font-size\"><strong>Turismo de Negocios y Servicios M\u00e9dicos:<\/strong><\/h2>\n\n\n\n<p>Centros de convenciones, hoteles, cl\u00ednicas y servicios empresariales de alto nivel.<\/p>\n<\/div>\n<\/div>\n<\/div>\n<\/div>\n\n\n\n<div style=\"height:50px\" aria-hidden=\"true\" class=\"wp-block-spacer\"><\/div>\n\n\n\n<p>Conectividad, talento y beneficios fiscales hacen de Jatay el lugar ideal para invertir en el futuro.<\/p>\n\n\n\n<div style=\"height:100px\" aria-hidden=\"true\" class=\"wp-block-spacer\"><\/div>\n<\/div>\n\n\n\n<div class=\"wp-block-group alignfull has-global-padding is-layout-constrained wp-block-group-is-layout-constrained\">\n<figure class=\"wp-block-image alignfull size-large\"><img decoding=\"async\" src=\"http:\/\/www.ciudadjatay.com\/wp\/wp-content\/uploads\/2025\/07\/CIUDAD-JATAY-9.280525-7b.jpg\" alt=\"\"\/><\/figure>\n<\/div>\n\n\n\n<div class=\"wp-block-group alignwide is-layout-flow wp-block-group-is-layout-flow\">\n<div style=\"height:100px\" aria-hidden=\"true\" class=\"wp-block-spacer\"><\/div>\n\n\n\n<h2 class=\"wp-block-heading has-archivo-font-family has-x-large-font-size\" style=\"font-style:normal;font-weight:600\">Ventajas Log\u00edsticas<\/h2>\n\n\n\n<p><br>Conectado con el mundo, al ritmo de la innovaci\u00f3n<\/p>\n\n\n\n<div style=\"height:50px\" aria-hidden=\"true\" class=\"wp-block-spacer\"><\/div>\n\n\n\n<div class=\"wp-block-columns is-layout-flex wp-container-core-columns-is-layout-28f84493 wp-block-columns-is-layout-flex\">\n<div class=\"wp-block-column is-layout-flow wp-block-column-is-layout-flow\" style=\"flex-basis:33.33%\">\n<p class=\"has-medium-font-size\"><strong>Jatay<\/strong> se integra a una red log\u00edstica multimodal que conecta de forma eficiente el comercio entre Am\u00e9rica, Asia y Europa. Su ubicaci\u00f3n estrat\u00e9gica ofrece:<\/p>\n\n\n\n<div class=\"wp-block-group is-layout-grid wp-container-core-group-is-layout-a6a5bd83 wp-block-group-is-layout-grid\">\n<div class=\"wp-block-group has-accent-5-background-color has-background has-global-padding is-layout-constrained wp-container-core-group-is-layout-c385debf wp-block-group-is-layout-constrained\" style=\"padding-top:var(--wp--preset--spacing--20);padding-right:var(--wp--preset--spacing--20);padding-bottom:var(--wp--preset--spacing--20);padding-left:var(--wp--preset--spacing--20)\">\n<figure class=\"wp-block-image size-large\"><img decoding=\"async\" src=\"http:\/\/www.ciudadjatay.com\/wp\/wp-content\/uploads\/2025\/08\/iconos-transporte4-300x225.png\" alt=\"\" style=\"aspect-ratio:1;object-fit:contain\"\/><\/figure>\n<\/div>\n\n\n\n<div class=\"wp-block-group has-accent-5-background-color has-background has-global-padding is-layout-constrained wp-container-core-group-is-layout-9e9be3cb wp-block-group-is-layout-constrained\" style=\"padding-top:var(--wp--preset--spacing--20);padding-right:var(--wp--preset--spacing--20);padding-bottom:var(--wp--preset--spacing--20);padding-left:var(--wp--preset--spacing--20)\">\n<figure class=\"wp-block-image size-large\" style=\"margin-top:0;margin-right:0;margin-bottom:0;margin-left:0\"><img decoding=\"async\" src=\"http:\/\/www.ciudadjatay.com\/wp\/wp-content\/uploads\/2025\/08\/iconos-transporte3.png\" alt=\"\" style=\"aspect-ratio:1;object-fit:contain\"\/><\/figure>\n<\/div>\n\n\n\n<div class=\"wp-block-group has-accent-5-background-color has-background has-global-padding is-layout-constrained wp-container-core-group-is-layout-c385debf wp-block-group-is-layout-constrained\" style=\"padding-top:var(--wp--preset--spacing--20);padding-right:var(--wp--preset--spacing--20);padding-bottom:var(--wp--preset--spacing--20);padding-left:var(--wp--preset--spacing--20)\">\n<figure class=\"wp-block-image size-large\"><img decoding=\"async\" src=\"http:\/\/www.ciudadjatay.com\/wp\/wp-content\/uploads\/2025\/08\/iconos-transporte1-221x300.png\" alt=\"\" style=\"aspect-ratio:1;object-fit:contain\"\/><\/figure>\n<\/div>\n\n\n\n<div class=\"wp-block-group has-accent-5-background-color has-background wp-container-content-f561b980 has-global-padding is-layout-constrained wp-container-core-group-is-layout-bdd8ee48 wp-block-group-is-layout-constrained\" style=\"padding-top:var(--wp--preset--spacing--20);padding-right:var(--wp--preset--spacing--20);padding-bottom:var(--wp--preset--spacing--20);padding-left:var(--wp--preset--spacing--20)\">\n<figure class=\"wp-block-image aligncenter size-large is-style-default\"><img decoding=\"async\" src=\"http:\/\/www.ciudadjatay.com\/wp\/wp-content\/uploads\/2025\/08\/iconos-transporte2-300x300.png\" alt=\"\" style=\"aspect-ratio:1;object-fit:contain\"\/><\/figure>\n<\/div>\n<\/div>\n<\/div>\n\n\n\n<div class=\"wp-block-column is-layout-flow wp-block-column-is-layout-flow\" style=\"padding-right:var(--wp--preset--spacing--30);padding-left:var(--wp--preset--spacing--30);flex-basis:66.66%\">\n<div class=\"wp-block-group has-global-padding is-layout-constrained wp-block-group-is-layout-constrained\">\n<div class=\"wp-block-group is-vertical is-layout-flex wp-container-core-group-is-layout-fe9cc265 wp-block-group-is-layout-flex\">\n<h2 class=\"wp-block-heading has-accent-4-color has-text-color has-link-color has-medium-font-size wp-elements-19c3261b8cf231449a8bece493a6b4e1\"><strong>Proximidad al Puerto de Ensenada (30 km)<\/strong><\/h2>\n\n\n\n<p class=\"has-small-font-size\">Ruta mar\u00edtima directa con Asia y Latinoam\u00e9rica.<\/p>\n<\/div>\n\n\n\n<div class=\"wp-block-group is-vertical is-layout-flex wp-container-core-group-is-layout-fe9cc265 wp-block-group-is-layout-flex\">\n<h2 class=\"wp-block-heading has-accent-4-color has-text-color has-link-color has-medium-font-size wp-elements-a412f4e0733752731de6f9e0fb980d3d\"><strong>Acceso inmediato a la autopista Tijuana-Ensenada<\/strong><\/h2>\n\n\n\n<p class=\"has-small-font-size\">Conexi\u00f3n terrestre con 7 cruces fronterizos con EE.UU., incluyendo Otay II.<\/p>\n<\/div>\n\n\n\n<div class=\"wp-block-group is-vertical is-layout-flex wp-container-core-group-is-layout-fe9cc265 wp-block-group-is-layout-flex\">\n<h2 class=\"wp-block-heading has-accent-4-color has-text-color has-link-color has-medium-font-size wp-elements-28ecadc53a76de8897deba2bfffe0ea0\"><strong>Cercan\u00eda con aeropuertos clave<\/strong><\/h2>\n\n\n\n<p class=\"has-small-font-size\">Acceso a\u00e9reo a los principales mercados de Am\u00e9rica del Norte.<\/p>\n<\/div>\n\n\n\n<div class=\"wp-block-group is-vertical is-layout-flex wp-container-core-group-is-layout-fe9cc265 wp-block-group-is-layout-flex\">\n<h2 class=\"wp-block-heading has-accent-4-color has-text-color has-link-color has-medium-font-size wp-elements-9c14a74673820742135463eb9f8b11bf\"><strong>Vinculaci\u00f3n ferroviaria<\/strong><\/h2>\n\n\n\n<p class=\"has-small-font-size\">Conectividad con rutas de exportaci\u00f3n hacia el interior de M\u00e9xico y EE.UU.<\/p>\n<\/div>\n\n\n\n<p>Adem\u00e1s, el desarrollo del Puerto Interior El Sauzal dentro de Jatay permitir\u00e1 operaciones de carga m\u00e1s eficientes, reducci\u00f3n de tiempos, costos y m\u00e1xima competitividad para las empresas establecidas.<\/p>\n<\/div>\n<\/div>\n<\/div>\n\n\n\n<div style=\"height:100px\" aria-hidden=\"true\" class=\"wp-block-spacer\"><\/div>\n<\/div>\n\n\n\n<div class=\"wp-block-cover alignfull\"><img loading=\"lazy\" decoding=\"async\" width=\"1024\" height=\"316\" class=\"wp-block-cover__image-background wp-image-90 size-large\" alt=\"\" src=\"http:\/\/rpi-webserver.local\/sites\/ciudadjatay\/wp\/wp-content\/uploads\/2025\/07\/jatay2-1024x316.png\" data-object-fit=\"cover\" srcset=\"http:\/\/www.ciudadjatay.com\/wp\/wp-content\/uploads\/2025\/07\/jatay2-1024x316.png 1024w, http:\/\/www.ciudadjatay.com\/wp\/wp-content\/uploads\/2025\/07\/jatay2-300x93.png 300w, http:\/\/www.ciudadjatay.com\/wp\/wp-content\/uploads\/2025\/07\/jatay2-768x237.png 768w, http:\/\/www.ciudadjatay.com\/wp\/wp-content\/uploads\/2025\/07\/jatay2.png 1125w\" sizes=\"auto, (max-width: 1024px) 100vw, 1024px\" \/><span aria-hidden=\"true\" class=\"wp-block-cover__background has-background-dim-0 has-background-dim\" style=\"background-color:#777a73\"><\/span><div class=\"wp-block-cover__inner-container has-global-padding is-layout-constrained wp-block-cover-is-layout-constrained\">\n<p class=\"has-text-align-center has-large-font-size\"><\/p>\n<\/div><\/div>\n\n\n\n<div class=\"wp-block-group alignfull has-custom-color-1-background-color has-background has-global-padding is-layout-constrained wp-block-group-is-layout-constrained\" style=\"margin-top:0px;margin-bottom:0px\">\n<div style=\"height:100px\" aria-hidden=\"true\" class=\"wp-block-spacer\"><\/div>\n\n\n\n<h2 class=\"wp-block-heading has-text-align-center has-base-color has-text-color has-link-color has-archivo-font-family has-xx-large-font-size wp-elements-ec49292a1881891889a5fd586d07636b\" style=\"font-style:normal;font-weight:600\">Haz que tu visi\u00f3n crezca en Jatay<\/h2>\n\n\n\n<div style=\"height:100px\" aria-hidden=\"true\" class=\"wp-block-spacer\"><\/div>\n<\/div>\n\n\n\n<p><\/p>\n","protected":false},"excerpt":{"rendered":"<p>Jatay una ciudad para la industria del futuro Descargar: Jatay Ciudad Tecnol\u00f3gica Industrial es un desarrollo integral ubicado en Ensenada, Baja California, dise\u00f1ado para ser un hub de innovaci\u00f3n, manufactura avanzada y desarrollo tecnol\u00f3gico. Con una visi\u00f3n inspirada en modelos internacionales exitosos de Estados Unidos, Jap\u00f3n y Europa, Jatay fusiona ciencia, dise\u00f1o, talento y sostenibilidad [&hellip;]<\/p>\n","protected":false},"author":1,"featured_media":0,"parent":0,"menu_order":0,"comment_status":"closed","ping_status":"closed","template":"page-no-title","meta":{"footnotes":""},"class_list":["post-420","page","type-page","status-publish","hentry"],"_links":{"self":[{"href":"http:\/\/www.ciudadjatay.com\/index.php\/wp-json\/wp\/v2\/pages\/420","targetHints":{"allow":["GET"]}}],"collection":[{"href":"http:\/\/www.ciudadjatay.com\/index.php\/wp-json\/wp\/v2\/pages"}],"about":[{"href":"http:\/\/www.ciudadjatay.com\/index.php\/wp-json\/wp\/v2\/types\/page"}],"author":[{"embeddable":true,"href":"http:\/\/www.ciudadjatay.com\/index.php\/wp-json\/wp\/v2\/users\/1"}],"replies":[{"embeddable":true,"href":"http:\/\/www.ciudadjatay.com\/index.php\/wp-json\/wp\/v2\/comments?post=420"}],"version-history":[{"count":91,"href":"http:\/\/www.ciudadjatay.com\/index.php\/wp-json\/wp\/v2\/pages\/420\/revisions"}],"predecessor-version":[{"id":676,"href":"http:\/\/www.ciudadjatay.com\/index.php\/wp-json\/wp\/v2\/pages\/420\/revisions\/676"}],"wp:attachment":[{"href":"http:\/\/www.ciudadjatay.com\/index.php\/wp-json\/wp\/v2\/media?parent=420"}],"curies":[{"name":"wp","href":"https:\/\/api.w.org\/{rel}","templated":true}]}}